{"id":324,"date":"2020-05-22T14:23:29","date_gmt":"2020-05-22T14:23:29","guid":{"rendered":"http:\/\/www.hnopraxis-dreieich.de\/?page_id=324"},"modified":"2020-05-22T15:47:03","modified_gmt":"2020-05-22T15:47:03","slug":"zusatzleistungen","status":"publish","type":"page","link":"https:\/\/www.hnopraxis-dreieich.de\/?page_id=324","title":{"rendered":"Zusatzleistungen"},"content":{"rendered":"\n<p class=\"has-normal-font-size\"><strong>Zusatzleistungen<\/strong><\/p>\n\n\n\n<p style=\"background-color:#ffffff;color:#ffffff\" class=\"has-text-color has-background\">Leerzeile<\/p>\n\n\n\n<p>Zusatzleistungen k\u00f6nnen im Einzelfall sinnvoll sein, werden aber evtl. von Ihrer Krankenkasse nicht \u00fcbernommen.<\/p>\n\n\n\n<p style=\"color:#ffffff\" class=\"has-text-color\">Leerzeile<\/p>\n\n\n\n<ul class=\"wp-block-list\"><li><em>Lungenfunktion&nbsp;<\/em>zur Abkl\u00e4rung von Husten, Bronchitis, Asthmasymptomen<\/li><li><em>NO-Messung (Stickoxid<\/em>) zur Abkl\u00e4rung von entz\u00fcndlichen Erkrankungen der Lunge (Bronchitis, Asthma) und zur Therapiekontrolle&nbsp;<\/li><li><em>C-reaktives Protein (CRP<\/em>) zur Bestimmung der Schwere einer akuten Infektion<\/li><li>Streptokokkenschnelltest<\/li><li>Infusionen bei akuten H\u00f6rst\u00f6rungen (H\u00f6rsturz; Tinnitus)<\/li><li>Infusionen bei akuten Infekten<\/li><li><em>HOT (h\u00e4matogene Oxidationstherapie<\/em>) zur Verbesserung der Durchblutung bei H\u00f6rst\u00f6rungen (H\u00f6rsturz, Tinnitus) durch eine unspezifische Stimulation der Immunabwehr<\/li><li><em>Eigenblutverfahren&nbsp;<\/em>zur unspezifischen Stimulation der Immunabwehr bei akuten und chronischen Infekten sowie Allergien<\/li><\/ul>\n","protected":false},"excerpt":{"rendered":"<p>Zusatzleistungen Leerzeile Zusatzleistungen k\u00f6nnen im Einzelfall sinnvoll sein, werden aber evtl. von Ihrer Krankenkasse nicht \u00fcbernommen. Leerzeile Lungenfunktion&nbsp;zur Abkl\u00e4rung von Husten, Bronchitis, Asthmasymptomen NO-Messung (Stickoxid) zur Abkl\u00e4rung von entz\u00fcndlichen Erkrankungen der Lunge (Bronchitis, Asthma) und zur Therapiekontrolle&nbsp; C-reaktives Protein (CRP) zur Bestimmung der Schwere einer akuten Infektion Streptokokkenschnelltest Infusionen bei akuten H\u00f6rst\u00f6rungen (H\u00f6rsturz; Tinnitus) Infusionen [&hellip;]<\/p>\n","protected":false},"author":2,"featured_media":0,"parent":0,"menu_order":0,"comment_status":"closed","ping_status":"closed","template":"","meta":{"footnotes":""},"class_list":["post-324","page","type-page","status-publish","hentry"],"yoast_head":"<!-- This site is optimized with the Yoast SEO plugin v27.5 - https:\/\/yoast.com\/product\/yoast-seo-wordpress\/ -->\n<title>Zusatzleistungen - HNO Praxis Dreieich<\/title>\n<meta name=\"robots\" content=\"index, follow, max-snippet:-1, max-image-preview:large, max-video-preview:-1\" \/>\n<link rel=\"canonical\" href=\"https:\/\/www.hnopraxis-dreieich.de\/?page_id=324\" \/>\n<meta property=\"og:locale\" content=\"de_DE\" \/>\n<meta property=\"og:type\" content=\"article\" \/>\n<meta property=\"og:title\" content=\"Zusatzleistungen - HNO Praxis Dreieich\" \/>\n<meta property=\"og:description\" content=\"Zusatzleistungen Leerzeile Zusatzleistungen k\u00f6nnen im Einzelfall sinnvoll sein, werden aber evtl. von Ihrer Krankenkasse nicht \u00fcbernommen. Leerzeile Lungenfunktion&nbsp;zur Abkl\u00e4rung von Husten, Bronchitis, Asthmasymptomen NO-Messung (Stickoxid) zur Abkl\u00e4rung von entz\u00fcndlichen Erkrankungen der Lunge (Bronchitis, Asthma) und zur Therapiekontrolle&nbsp; C-reaktives Protein (CRP) zur Bestimmung der Schwere einer akuten Infektion Streptokokkenschnelltest Infusionen bei akuten H\u00f6rst\u00f6rungen (H\u00f6rsturz; Tinnitus) Infusionen [&hellip;]\" \/>\n<meta property=\"og:url\" content=\"https:\/\/www.hnopraxis-dreieich.de\/?page_id=324\" \/>\n<meta property=\"og:site_name\" content=\"HNO Praxis Dreieich\" \/>\n<meta property=\"article:modified_time\" content=\"2020-05-22T15:47:03+00:00\" \/>\n<meta name=\"twitter:card\" content=\"summary_large_image\" \/>\n<script type=\"application\/ld+json\" class=\"yoast-schema-graph\">{\"@context\":\"https:\\\/\\\/schema.org\",\"@graph\":[{\"@type\":\"WebPage\",\"@id\":\"https:\\\/\\\/www.hnopraxis-dreieich.de\\\/?page_id=324\",\"url\":\"https:\\\/\\\/www.hnopraxis-dreieich.de\\\/?page_id=324\",\"name\":\"Zusatzleistungen - HNO Praxis Dreieich\",\"isPartOf\":{\"@id\":\"https:\\\/\\\/www.hnopraxis-dreieich.de\\\/#website\"},\"datePublished\":\"2020-05-22T14:23:29+00:00\",\"dateModified\":\"2020-05-22T15:47:03+00:00\",\"breadcrumb\":{\"@id\":\"https:\\\/\\\/www.hnopraxis-dreieich.de\\\/?page_id=324#breadcrumb\"},\"inLanguage\":\"de\",\"potentialAction\":[{\"@type\":\"ReadAction\",\"target\":[\"https:\\\/\\\/www.hnopraxis-dreieich.de\\\/?page_id=324\"]}]},{\"@type\":\"BreadcrumbList\",\"@id\":\"https:\\\/\\\/www.hnopraxis-dreieich.de\\\/?page_id=324#breadcrumb\",\"itemListElement\":[{\"@type\":\"ListItem\",\"position\":1,\"name\":\"Startseite\",\"item\":\"https:\\\/\\\/www.hnopraxis-dreieich.de\\\/\"},{\"@type\":\"ListItem\",\"position\":2,\"name\":\"Zusatzleistungen\"}]},{\"@type\":\"WebSite\",\"@id\":\"https:\\\/\\\/www.hnopraxis-dreieich.de\\\/#website\",\"url\":\"https:\\\/\\\/www.hnopraxis-dreieich.de\\\/\",\"name\":\"HNO Praxis Dreieich\",\"description\":\"Bitte vereinbaren Sie einen Termin!\",\"potentialAction\":[{\"@type\":\"SearchAction\",\"target\":{\"@type\":\"EntryPoint\",\"urlTemplate\":\"https:\\\/\\\/www.hnopraxis-dreieich.de\\\/?s={search_term_string}\"},\"query-input\":{\"@type\":\"PropertyValueSpecification\",\"valueRequired\":true,\"valueName\":\"search_term_string\"}}],\"inLanguage\":\"de\"}]}<\/script>\n<!-- \/ Yoast SEO plugin. -->","yoast_head_json":{"title":"Zusatzleistungen - HNO Praxis Dreieich","robots":{"index":"index","follow":"follow","max-snippet":"max-snippet:-1","max-image-preview":"max-image-preview:large","max-video-preview":"max-video-preview:-1"},"canonical":"https:\/\/www.hnopraxis-dreieich.de\/?page_id=324","og_locale":"de_DE","og_type":"article","og_title":"Zusatzleistungen - HNO Praxis Dreieich","og_description":"Zusatzleistungen Leerzeile Zusatzleistungen k\u00f6nnen im Einzelfall sinnvoll sein, werden aber evtl. von Ihrer Krankenkasse nicht \u00fcbernommen. Leerzeile Lungenfunktion&nbsp;zur Abkl\u00e4rung von Husten, Bronchitis, Asthmasymptomen NO-Messung (Stickoxid) zur Abkl\u00e4rung von entz\u00fcndlichen Erkrankungen der Lunge (Bronchitis, Asthma) und zur Therapiekontrolle&nbsp; C-reaktives Protein (CRP) zur Bestimmung der Schwere einer akuten Infektion Streptokokkenschnelltest Infusionen bei akuten H\u00f6rst\u00f6rungen (H\u00f6rsturz; Tinnitus) Infusionen [&hellip;]","og_url":"https:\/\/www.hnopraxis-dreieich.de\/?page_id=324","og_site_name":"HNO Praxis Dreieich","article_modified_time":"2020-05-22T15:47:03+00:00","twitter_card":"summary_large_image","schema":{"@context":"https:\/\/schema.org","@graph":[{"@type":"WebPage","@id":"https:\/\/www.hnopraxis-dreieich.de\/?page_id=324","url":"https:\/\/www.hnopraxis-dreieich.de\/?page_id=324","name":"Zusatzleistungen - HNO Praxis Dreieich","isPartOf":{"@id":"https:\/\/www.hnopraxis-dreieich.de\/#website"},"datePublished":"2020-05-22T14:23:29+00:00","dateModified":"2020-05-22T15:47:03+00:00","breadcrumb":{"@id":"https:\/\/www.hnopraxis-dreieich.de\/?page_id=324#breadcrumb"},"inLanguage":"de","potentialAction":[{"@type":"ReadAction","target":["https:\/\/www.hnopraxis-dreieich.de\/?page_id=324"]}]},{"@type":"BreadcrumbList","@id":"https:\/\/www.hnopraxis-dreieich.de\/?page_id=324#breadcrumb","itemListElement":[{"@type":"ListItem","position":1,"name":"Startseite","item":"https:\/\/www.hnopraxis-dreieich.de\/"},{"@type":"ListItem","position":2,"name":"Zusatzleistungen"}]},{"@type":"WebSite","@id":"https:\/\/www.hnopraxis-dreieich.de\/#website","url":"https:\/\/www.hnopraxis-dreieich.de\/","name":"HNO Praxis Dreieich","description":"Bitte vereinbaren Sie einen Termin!","potentialAction":[{"@type":"SearchAction","target":{"@type":"EntryPoint","urlTemplate":"https:\/\/www.hnopraxis-dreieich.de\/?s={search_term_string}"},"query-input":{"@type":"PropertyValueSpecification","valueRequired":true,"valueName":"search_term_string"}}],"inLanguage":"de"}]}},"_links":{"self":[{"href":"https:\/\/www.hnopraxis-dreieich.de\/index.php?rest_route=\/wp\/v2\/pages\/324","targetHints":{"allow":["GET"]}}],"collection":[{"href":"https:\/\/www.hnopraxis-dreieich.de\/index.php?rest_route=\/wp\/v2\/pages"}],"about":[{"href":"https:\/\/www.hnopraxis-dreieich.de\/index.php?rest_route=\/wp\/v2\/types\/page"}],"author":[{"embeddable":true,"href":"https:\/\/www.hnopraxis-dreieich.de\/index.php?rest_route=\/wp\/v2\/users\/2"}],"replies":[{"embeddable":true,"href":"https:\/\/www.hnopraxis-dreieich.de\/index.php?rest_route=%2Fwp%2Fv2%2Fcomments&post=324"}],"version-history":[{"count":4,"href":"https:\/\/www.hnopraxis-dreieich.de\/index.php?rest_route=\/wp\/v2\/pages\/324\/revisions"}],"predecessor-version":[{"id":369,"href":"https:\/\/www.hnopraxis-dreieich.de\/index.php?rest_route=\/wp\/v2\/pages\/324\/revisions\/369"}],"wp:attachment":[{"href":"https:\/\/www.hnopraxis-dreieich.de\/index.php?rest_route=%2Fwp%2Fv2%2Fmedia&parent=324"}],"curies":[{"name":"wp","href":"https:\/\/api.w.org\/{rel}","templated":true}]}}