{"id":322,"date":"2020-05-22T14:22:49","date_gmt":"2020-05-22T14:22:49","guid":{"rendered":"http:\/\/www.hnopraxis-dreieich.de\/?page_id=322"},"modified":"2020-05-22T15:45:55","modified_gmt":"2020-05-22T15:45:55","slug":"psychosomatische-grundversorgung","status":"publish","type":"page","link":"https:\/\/www.hnopraxis-dreieich.de\/?page_id=322","title":{"rendered":"Psychosomatische Grundversorgung"},"content":{"rendered":"\n<p class=\"has-normal-font-size\"><strong>Psychosomatische Grundversorgung<\/strong><\/p>\n\n\n\n<p style=\"color:#ffffff\" class=\"has-text-color\">Leerzeile<\/p>\n\n\n\n<p>In der HNO-Heilkunde gibt es einige Erkrankungen (z.B. Tinnitus, Klo\u00dfgef\u00fchl, Schluckst\u00f6rungen) bei deren Entstehung psychische Belastungen eine wichtige Rolle einnehmen.<\/p>\n\n\n\n<p>Wir helfen Ihnen dabei, solche Zusammenh\u00e4nge zu erkennen und unterst\u00fctzen Sie dabei, die Belastung zu bew\u00e4ltigen.<\/p>\n","protected":false},"excerpt":{"rendered":"<p>Psychosomatische Grundversorgung Leerzeile In der HNO-Heilkunde gibt es einige Erkrankungen (z.B. Tinnitus, Klo\u00dfgef\u00fchl, Schluckst\u00f6rungen) bei deren Entstehung psychische Belastungen eine wichtige Rolle einnehmen. Wir helfen Ihnen dabei, solche Zusammenh\u00e4nge zu erkennen und unterst\u00fctzen Sie dabei, die Belastung zu bew\u00e4ltigen.<\/p>\n","protected":false},"author":2,"featured_media":0,"parent":0,"menu_order":0,"comment_status":"closed","ping_status":"closed","template":"","meta":{"footnotes":""},"class_list":["post-322","page","type-page","status-publish","hentry"],"yoast_head":"<!-- This site is optimized with the Yoast SEO plugin v27.4 - https:\/\/yoast.com\/product\/yoast-seo-wordpress\/ -->\n<title>Psychosomatische Grundversorgung - HNO Praxis Dreieich<\/title>\n<meta name=\"robots\" content=\"index, follow, max-snippet:-1, max-image-preview:large, max-video-preview:-1\" \/>\n<link rel=\"canonical\" href=\"https:\/\/www.hnopraxis-dreieich.de\/?page_id=322\" \/>\n<meta property=\"og:locale\" content=\"de_DE\" \/>\n<meta property=\"og:type\" content=\"article\" \/>\n<meta property=\"og:title\" content=\"Psychosomatische Grundversorgung - HNO Praxis Dreieich\" \/>\n<meta property=\"og:description\" content=\"Psychosomatische Grundversorgung Leerzeile In der HNO-Heilkunde gibt es einige Erkrankungen (z.B. Tinnitus, Klo\u00dfgef\u00fchl, Schluckst\u00f6rungen) bei deren Entstehung psychische Belastungen eine wichtige Rolle einnehmen. Wir helfen Ihnen dabei, solche Zusammenh\u00e4nge zu erkennen und unterst\u00fctzen Sie dabei, die Belastung zu bew\u00e4ltigen.\" \/>\n<meta property=\"og:url\" content=\"https:\/\/www.hnopraxis-dreieich.de\/?page_id=322\" \/>\n<meta property=\"og:site_name\" content=\"HNO Praxis Dreieich\" \/>\n<meta property=\"article:modified_time\" content=\"2020-05-22T15:45:55+00:00\" \/>\n<meta name=\"twitter:card\" content=\"summary_large_image\" \/>\n<script type=\"application\/ld+json\" class=\"yoast-schema-graph\">{\"@context\":\"https:\\\/\\\/schema.org\",\"@graph\":[{\"@type\":\"WebPage\",\"@id\":\"https:\\\/\\\/www.hnopraxis-dreieich.de\\\/?page_id=322\",\"url\":\"https:\\\/\\\/www.hnopraxis-dreieich.de\\\/?page_id=322\",\"name\":\"Psychosomatische Grundversorgung - HNO Praxis Dreieich\",\"isPartOf\":{\"@id\":\"https:\\\/\\\/www.hnopraxis-dreieich.de\\\/#website\"},\"datePublished\":\"2020-05-22T14:22:49+00:00\",\"dateModified\":\"2020-05-22T15:45:55+00:00\",\"breadcrumb\":{\"@id\":\"https:\\\/\\\/www.hnopraxis-dreieich.de\\\/?page_id=322#breadcrumb\"},\"inLanguage\":\"de\",\"potentialAction\":[{\"@type\":\"ReadAction\",\"target\":[\"https:\\\/\\\/www.hnopraxis-dreieich.de\\\/?page_id=322\"]}]},{\"@type\":\"BreadcrumbList\",\"@id\":\"https:\\\/\\\/www.hnopraxis-dreieich.de\\\/?page_id=322#breadcrumb\",\"itemListElement\":[{\"@type\":\"ListItem\",\"position\":1,\"name\":\"Startseite\",\"item\":\"https:\\\/\\\/www.hnopraxis-dreieich.de\\\/\"},{\"@type\":\"ListItem\",\"position\":2,\"name\":\"Psychosomatische Grundversorgung\"}]},{\"@type\":\"WebSite\",\"@id\":\"https:\\\/\\\/www.hnopraxis-dreieich.de\\\/#website\",\"url\":\"https:\\\/\\\/www.hnopraxis-dreieich.de\\\/\",\"name\":\"HNO Praxis Dreieich\",\"description\":\"Bitte vereinbaren Sie einen Termin!\",\"potentialAction\":[{\"@type\":\"SearchAction\",\"target\":{\"@type\":\"EntryPoint\",\"urlTemplate\":\"https:\\\/\\\/www.hnopraxis-dreieich.de\\\/?s={search_term_string}\"},\"query-input\":{\"@type\":\"PropertyValueSpecification\",\"valueRequired\":true,\"valueName\":\"search_term_string\"}}],\"inLanguage\":\"de\"}]}<\/script>\n<!-- \/ Yoast SEO plugin. -->","yoast_head_json":{"title":"Psychosomatische Grundversorgung - HNO Praxis Dreieich","robots":{"index":"index","follow":"follow","max-snippet":"max-snippet:-1","max-image-preview":"max-image-preview:large","max-video-preview":"max-video-preview:-1"},"canonical":"https:\/\/www.hnopraxis-dreieich.de\/?page_id=322","og_locale":"de_DE","og_type":"article","og_title":"Psychosomatische Grundversorgung - HNO Praxis Dreieich","og_description":"Psychosomatische Grundversorgung Leerzeile In der HNO-Heilkunde gibt es einige Erkrankungen (z.B. Tinnitus, Klo\u00dfgef\u00fchl, Schluckst\u00f6rungen) bei deren Entstehung psychische Belastungen eine wichtige Rolle einnehmen. Wir helfen Ihnen dabei, solche Zusammenh\u00e4nge zu erkennen und unterst\u00fctzen Sie dabei, die Belastung zu bew\u00e4ltigen.","og_url":"https:\/\/www.hnopraxis-dreieich.de\/?page_id=322","og_site_name":"HNO Praxis Dreieich","article_modified_time":"2020-05-22T15:45:55+00:00","twitter_card":"summary_large_image","schema":{"@context":"https:\/\/schema.org","@graph":[{"@type":"WebPage","@id":"https:\/\/www.hnopraxis-dreieich.de\/?page_id=322","url":"https:\/\/www.hnopraxis-dreieich.de\/?page_id=322","name":"Psychosomatische Grundversorgung - HNO Praxis Dreieich","isPartOf":{"@id":"https:\/\/www.hnopraxis-dreieich.de\/#website"},"datePublished":"2020-05-22T14:22:49+00:00","dateModified":"2020-05-22T15:45:55+00:00","breadcrumb":{"@id":"https:\/\/www.hnopraxis-dreieich.de\/?page_id=322#breadcrumb"},"inLanguage":"de","potentialAction":[{"@type":"ReadAction","target":["https:\/\/www.hnopraxis-dreieich.de\/?page_id=322"]}]},{"@type":"BreadcrumbList","@id":"https:\/\/www.hnopraxis-dreieich.de\/?page_id=322#breadcrumb","itemListElement":[{"@type":"ListItem","position":1,"name":"Startseite","item":"https:\/\/www.hnopraxis-dreieich.de\/"},{"@type":"ListItem","position":2,"name":"Psychosomatische Grundversorgung"}]},{"@type":"WebSite","@id":"https:\/\/www.hnopraxis-dreieich.de\/#website","url":"https:\/\/www.hnopraxis-dreieich.de\/","name":"HNO Praxis Dreieich","description":"Bitte vereinbaren Sie einen Termin!","potentialAction":[{"@type":"SearchAction","target":{"@type":"EntryPoint","urlTemplate":"https:\/\/www.hnopraxis-dreieich.de\/?s={search_term_string}"},"query-input":{"@type":"PropertyValueSpecification","valueRequired":true,"valueName":"search_term_string"}}],"inLanguage":"de"}]}},"_links":{"self":[{"href":"https:\/\/www.hnopraxis-dreieich.de\/index.php?rest_route=\/wp\/v2\/pages\/322","targetHints":{"allow":["GET"]}}],"collection":[{"href":"https:\/\/www.hnopraxis-dreieich.de\/index.php?rest_route=\/wp\/v2\/pages"}],"about":[{"href":"https:\/\/www.hnopraxis-dreieich.de\/index.php?rest_route=\/wp\/v2\/types\/page"}],"author":[{"embeddable":true,"href":"https:\/\/www.hnopraxis-dreieich.de\/index.php?rest_route=\/wp\/v2\/users\/2"}],"replies":[{"embeddable":true,"href":"https:\/\/www.hnopraxis-dreieich.de\/index.php?rest_route=%2Fwp%2Fv2%2Fcomments&post=322"}],"version-history":[{"count":3,"href":"https:\/\/www.hnopraxis-dreieich.de\/index.php?rest_route=\/wp\/v2\/pages\/322\/revisions"}],"predecessor-version":[{"id":368,"href":"https:\/\/www.hnopraxis-dreieich.de\/index.php?rest_route=\/wp\/v2\/pages\/322\/revisions\/368"}],"wp:attachment":[{"href":"https:\/\/www.hnopraxis-dreieich.de\/index.php?rest_route=%2Fwp%2Fv2%2Fmedia&parent=322"}],"curies":[{"name":"wp","href":"https:\/\/api.w.org\/{rel}","templated":true}]}}