{"id":320,"date":"2020-05-22T14:22:02","date_gmt":"2020-05-22T14:22:02","guid":{"rendered":"http:\/\/www.hnopraxis-dreieich.de\/?page_id=320"},"modified":"2020-05-22T14:37:29","modified_gmt":"2020-05-22T14:37:29","slug":"aesthetische-medizin","status":"publish","type":"page","link":"https:\/\/www.hnopraxis-dreieich.de\/?page_id=320","title":{"rendered":"\u00c4sthetische Medizin"},"content":{"rendered":"\n<p class=\"has-normal-font-size\"><strong>\u00c4sthetische Medizin<\/strong><\/p>\n\n\n\n<p style=\"color:#ffffff\" class=\"has-text-color\"> Leerzeile<\/p>\n\n\n\n<ul class=\"wp-block-list\"><li><strong>Botolinumtoxin (Botox)<\/strong><\/li><\/ul>\n\n\n\n<p>Zur Gl\u00e4ttung stark ausgepr\u00e4gter mimischer Falten benutzen wir Botox.&nbsp;Die Behandlung mit Botulinumtoxin f\u00fchrt zu einer Verj\u00fcngung des Gesichtsausdrucks und gibt ihm ein entspanntes, ruhiges und ausgeruhtes Aussehen.&nbsp;<\/p>\n\n\n\n<hr class=\"wp-block-separator\"\/>\n\n\n\n<ul class=\"wp-block-list\"><li><strong>Filler<\/strong><\/li><\/ul>\n\n\n\n<p>Zur&nbsp;Korrektur von Volumendefiziten und Remodellierung der Gesichtskontur&nbsp;bieten&nbsp;wir die&nbsp;Behandlung mit Fillern (Hyalurons\u00e4ure) an. Hierzu wird ein fl\u00fcssiges Implantat mit Hilfe einer sehr feinen Nadel in das Gewebe eingebracht. Dadurch k\u00f6nnen zu Falten f\u00fchrende Furchen der Haut ausgeglichen und mit langfristig wirksamen Produkten das Gesicht remodelliert werden.<\/p>\n\n\n\n<hr class=\"wp-block-separator\"\/>\n\n\n\n<ul class=\"wp-block-list\"><li><strong>Lipolyse<\/strong><\/li><\/ul>\n\n\n\n<p>Bei der&nbsp;\u201eFett-weg-Spritze\u201c&nbsp;wird das Naturpr\u00e4parat Phosphatidylcholin (PPC) verwendet, das aus der Sojabohne gewonnen wird.&nbsp;Zur Fett-Aufspaltung wird PPC direkt in unerw\u00fcnschte Fettpolster in den oberen Teil der Fettschicht eingespritzt. Fettzellen platzen auf, schmelzen ab und werden&nbsp;und vom Lymphsystem zur Verarbeitung abtransportiert.<\/p>\n\n\n\n<p><\/p>\n","protected":false},"excerpt":{"rendered":"<p>\u00c4sthetische Medizin Leerzeile Botolinumtoxin (Botox) Zur Gl\u00e4ttung stark ausgepr\u00e4gter mimischer Falten benutzen wir Botox.&nbsp;Die Behandlung mit Botulinumtoxin f\u00fchrt zu einer Verj\u00fcngung des Gesichtsausdrucks und gibt ihm ein entspanntes, ruhiges und ausgeruhtes Aussehen.&nbsp; Filler Zur&nbsp;Korrektur von Volumendefiziten und Remodellierung der Gesichtskontur&nbsp;bieten&nbsp;wir die&nbsp;Behandlung mit Fillern (Hyalurons\u00e4ure) an. Hierzu wird ein fl\u00fcssiges Implantat mit Hilfe einer sehr feinen [&hellip;]<\/p>\n","protected":false},"author":2,"featured_media":0,"parent":0,"menu_order":0,"comment_status":"closed","ping_status":"closed","template":"","meta":{"footnotes":""},"class_list":["post-320","page","type-page","status-publish","hentry"],"yoast_head":"<!-- This site is optimized with the Yoast SEO plugin v27.6 - https:\/\/yoast.com\/product\/yoast-seo-wordpress\/ -->\n<title>\u00c4sthetische Medizin - HNO Praxis Dreieich<\/title>\n<meta name=\"robots\" content=\"index, follow, max-snippet:-1, max-image-preview:large, max-video-preview:-1\" \/>\n<link rel=\"canonical\" href=\"https:\/\/www.hnopraxis-dreieich.de\/?page_id=320\" \/>\n<meta property=\"og:locale\" content=\"de_DE\" \/>\n<meta property=\"og:type\" content=\"article\" \/>\n<meta property=\"og:title\" content=\"\u00c4sthetische Medizin - HNO Praxis Dreieich\" \/>\n<meta property=\"og:description\" content=\"\u00c4sthetische Medizin Leerzeile Botolinumtoxin (Botox) Zur Gl\u00e4ttung stark ausgepr\u00e4gter mimischer Falten benutzen wir Botox.&nbsp;Die Behandlung mit Botulinumtoxin f\u00fchrt zu einer Verj\u00fcngung des Gesichtsausdrucks und gibt ihm ein entspanntes, ruhiges und ausgeruhtes Aussehen.&nbsp; Filler Zur&nbsp;Korrektur von Volumendefiziten und Remodellierung der Gesichtskontur&nbsp;bieten&nbsp;wir die&nbsp;Behandlung mit Fillern (Hyalurons\u00e4ure) an. Hierzu wird ein fl\u00fcssiges Implantat mit Hilfe einer sehr feinen [&hellip;]\" \/>\n<meta property=\"og:url\" content=\"https:\/\/www.hnopraxis-dreieich.de\/?page_id=320\" \/>\n<meta property=\"og:site_name\" content=\"HNO Praxis Dreieich\" \/>\n<meta property=\"article:modified_time\" content=\"2020-05-22T14:37:29+00:00\" \/>\n<meta name=\"twitter:card\" content=\"summary_large_image\" \/>\n<meta name=\"twitter:label1\" content=\"Gesch\u00e4tzte Lesezeit\" \/>\n\t<meta name=\"twitter:data1\" content=\"1\u00a0Minute\" \/>\n<script type=\"application\/ld+json\" class=\"yoast-schema-graph\">{\"@context\":\"https:\\\/\\\/schema.org\",\"@graph\":[{\"@type\":\"WebPage\",\"@id\":\"https:\\\/\\\/www.hnopraxis-dreieich.de\\\/?page_id=320\",\"url\":\"https:\\\/\\\/www.hnopraxis-dreieich.de\\\/?page_id=320\",\"name\":\"\u00c4sthetische Medizin - HNO Praxis Dreieich\",\"isPartOf\":{\"@id\":\"https:\\\/\\\/www.hnopraxis-dreieich.de\\\/#website\"},\"datePublished\":\"2020-05-22T14:22:02+00:00\",\"dateModified\":\"2020-05-22T14:37:29+00:00\",\"breadcrumb\":{\"@id\":\"https:\\\/\\\/www.hnopraxis-dreieich.de\\\/?page_id=320#breadcrumb\"},\"inLanguage\":\"de\",\"potentialAction\":[{\"@type\":\"ReadAction\",\"target\":[\"https:\\\/\\\/www.hnopraxis-dreieich.de\\\/?page_id=320\"]}]},{\"@type\":\"BreadcrumbList\",\"@id\":\"https:\\\/\\\/www.hnopraxis-dreieich.de\\\/?page_id=320#breadcrumb\",\"itemListElement\":[{\"@type\":\"ListItem\",\"position\":1,\"name\":\"Startseite\",\"item\":\"https:\\\/\\\/www.hnopraxis-dreieich.de\\\/\"},{\"@type\":\"ListItem\",\"position\":2,\"name\":\"\u00c4sthetische Medizin\"}]},{\"@type\":\"WebSite\",\"@id\":\"https:\\\/\\\/www.hnopraxis-dreieich.de\\\/#website\",\"url\":\"https:\\\/\\\/www.hnopraxis-dreieich.de\\\/\",\"name\":\"HNO Praxis Dreieich\",\"description\":\"Bitte vereinbaren Sie einen Termin!\",\"potentialAction\":[{\"@type\":\"SearchAction\",\"target\":{\"@type\":\"EntryPoint\",\"urlTemplate\":\"https:\\\/\\\/www.hnopraxis-dreieich.de\\\/?s={search_term_string}\"},\"query-input\":{\"@type\":\"PropertyValueSpecification\",\"valueRequired\":true,\"valueName\":\"search_term_string\"}}],\"inLanguage\":\"de\"}]}<\/script>\n<!-- \/ Yoast SEO plugin. -->","yoast_head_json":{"title":"\u00c4sthetische Medizin - HNO Praxis Dreieich","robots":{"index":"index","follow":"follow","max-snippet":"max-snippet:-1","max-image-preview":"max-image-preview:large","max-video-preview":"max-video-preview:-1"},"canonical":"https:\/\/www.hnopraxis-dreieich.de\/?page_id=320","og_locale":"de_DE","og_type":"article","og_title":"\u00c4sthetische Medizin - HNO Praxis Dreieich","og_description":"\u00c4sthetische Medizin Leerzeile Botolinumtoxin (Botox) Zur Gl\u00e4ttung stark ausgepr\u00e4gter mimischer Falten benutzen wir Botox.&nbsp;Die Behandlung mit Botulinumtoxin f\u00fchrt zu einer Verj\u00fcngung des Gesichtsausdrucks und gibt ihm ein entspanntes, ruhiges und ausgeruhtes Aussehen.&nbsp; Filler Zur&nbsp;Korrektur von Volumendefiziten und Remodellierung der Gesichtskontur&nbsp;bieten&nbsp;wir die&nbsp;Behandlung mit Fillern (Hyalurons\u00e4ure) an. Hierzu wird ein fl\u00fcssiges Implantat mit Hilfe einer sehr feinen [&hellip;]","og_url":"https:\/\/www.hnopraxis-dreieich.de\/?page_id=320","og_site_name":"HNO Praxis Dreieich","article_modified_time":"2020-05-22T14:37:29+00:00","twitter_card":"summary_large_image","twitter_misc":{"Gesch\u00e4tzte Lesezeit":"1\u00a0Minute"},"schema":{"@context":"https:\/\/schema.org","@graph":[{"@type":"WebPage","@id":"https:\/\/www.hnopraxis-dreieich.de\/?page_id=320","url":"https:\/\/www.hnopraxis-dreieich.de\/?page_id=320","name":"\u00c4sthetische Medizin - HNO Praxis Dreieich","isPartOf":{"@id":"https:\/\/www.hnopraxis-dreieich.de\/#website"},"datePublished":"2020-05-22T14:22:02+00:00","dateModified":"2020-05-22T14:37:29+00:00","breadcrumb":{"@id":"https:\/\/www.hnopraxis-dreieich.de\/?page_id=320#breadcrumb"},"inLanguage":"de","potentialAction":[{"@type":"ReadAction","target":["https:\/\/www.hnopraxis-dreieich.de\/?page_id=320"]}]},{"@type":"BreadcrumbList","@id":"https:\/\/www.hnopraxis-dreieich.de\/?page_id=320#breadcrumb","itemListElement":[{"@type":"ListItem","position":1,"name":"Startseite","item":"https:\/\/www.hnopraxis-dreieich.de\/"},{"@type":"ListItem","position":2,"name":"\u00c4sthetische Medizin"}]},{"@type":"WebSite","@id":"https:\/\/www.hnopraxis-dreieich.de\/#website","url":"https:\/\/www.hnopraxis-dreieich.de\/","name":"HNO Praxis Dreieich","description":"Bitte vereinbaren Sie einen Termin!","potentialAction":[{"@type":"SearchAction","target":{"@type":"EntryPoint","urlTemplate":"https:\/\/www.hnopraxis-dreieich.de\/?s={search_term_string}"},"query-input":{"@type":"PropertyValueSpecification","valueRequired":true,"valueName":"search_term_string"}}],"inLanguage":"de"}]}},"_links":{"self":[{"href":"https:\/\/www.hnopraxis-dreieich.de\/index.php?rest_route=\/wp\/v2\/pages\/320","targetHints":{"allow":["GET"]}}],"collection":[{"href":"https:\/\/www.hnopraxis-dreieich.de\/index.php?rest_route=\/wp\/v2\/pages"}],"about":[{"href":"https:\/\/www.hnopraxis-dreieich.de\/index.php?rest_route=\/wp\/v2\/types\/page"}],"author":[{"embeddable":true,"href":"https:\/\/www.hnopraxis-dreieich.de\/index.php?rest_route=\/wp\/v2\/users\/2"}],"replies":[{"embeddable":true,"href":"https:\/\/www.hnopraxis-dreieich.de\/index.php?rest_route=%2Fwp%2Fv2%2Fcomments&post=320"}],"version-history":[{"count":7,"href":"https:\/\/www.hnopraxis-dreieich.de\/index.php?rest_route=\/wp\/v2\/pages\/320\/revisions"}],"predecessor-version":[{"id":357,"href":"https:\/\/www.hnopraxis-dreieich.de\/index.php?rest_route=\/wp\/v2\/pages\/320\/revisions\/357"}],"wp:attachment":[{"href":"https:\/\/www.hnopraxis-dreieich.de\/index.php?rest_route=%2Fwp%2Fv2%2Fmedia&parent=320"}],"curies":[{"name":"wp","href":"https:\/\/api.w.org\/{rel}","templated":true}]}}