{"id":318,"date":"2020-05-22T14:20:50","date_gmt":"2020-05-22T14:20:50","guid":{"rendered":"http:\/\/www.hnopraxis-dreieich.de\/?page_id=318"},"modified":"2020-05-22T15:54:07","modified_gmt":"2020-05-22T15:54:07","slug":"naturheilverfahren","status":"publish","type":"page","link":"https:\/\/www.hnopraxis-dreieich.de\/?page_id=318","title":{"rendered":"Naturheilverfahren"},"content":{"rendered":"\n<p class=\"has-normal-font-size\"><strong>Naturheilverfahren<\/strong><\/p>\n\n\n\n<p style=\"background-color:#ffffff;color:#ffffff\" class=\"has-text-color has-background\">Leerzeile<\/p>\n\n\n\n<p>Rezidivierende Infekte, chronische Reizzust\u00e4nde der Schleimhaut des oberen Atemtraktes aber auch der Darmschleimhaut, Allergien und Tinnitus gr\u00fcnden h\u00e4ufig nicht nur am Ort der Beschwerden, sondern sind multifaktoriell beeinflusst. Wir ber\u00fccksichtigen dieses bei der Untersuchung unserer Patienten. Neben der klassischen medikament\u00f6sen Therapie beraten wir Sie auch bez\u00fcglich pflanzlicher Arzneimittel.<\/p>\n","protected":false},"excerpt":{"rendered":"<p>Naturheilverfahren Leerzeile Rezidivierende Infekte, chronische Reizzust\u00e4nde der Schleimhaut des oberen Atemtraktes aber auch der Darmschleimhaut, Allergien und Tinnitus gr\u00fcnden h\u00e4ufig nicht nur am Ort der Beschwerden, sondern sind multifaktoriell beeinflusst. Wir ber\u00fccksichtigen dieses bei der Untersuchung unserer Patienten. Neben der klassischen medikament\u00f6sen Therapie beraten wir Sie auch bez\u00fcglich pflanzlicher Arzneimittel.<\/p>\n","protected":false},"author":2,"featured_media":0,"parent":0,"menu_order":0,"comment_status":"closed","ping_status":"closed","template":"","meta":{"footnotes":""},"class_list":["post-318","page","type-page","status-publish","hentry"],"yoast_head":"<!-- This site is optimized with the Yoast SEO plugin v27.5 - https:\/\/yoast.com\/product\/yoast-seo-wordpress\/ -->\n<title>Naturheilverfahren - HNO Praxis Dreieich<\/title>\n<meta name=\"robots\" content=\"index, follow, max-snippet:-1, max-image-preview:large, max-video-preview:-1\" \/>\n<link rel=\"canonical\" href=\"https:\/\/www.hnopraxis-dreieich.de\/?page_id=318\" \/>\n<meta property=\"og:locale\" content=\"de_DE\" \/>\n<meta property=\"og:type\" content=\"article\" \/>\n<meta property=\"og:title\" content=\"Naturheilverfahren - HNO Praxis Dreieich\" \/>\n<meta property=\"og:description\" content=\"Naturheilverfahren Leerzeile Rezidivierende Infekte, chronische Reizzust\u00e4nde der Schleimhaut des oberen Atemtraktes aber auch der Darmschleimhaut, Allergien und Tinnitus gr\u00fcnden h\u00e4ufig nicht nur am Ort der Beschwerden, sondern sind multifaktoriell beeinflusst. Wir ber\u00fccksichtigen dieses bei der Untersuchung unserer Patienten. Neben der klassischen medikament\u00f6sen Therapie beraten wir Sie auch bez\u00fcglich pflanzlicher Arzneimittel.\" \/>\n<meta property=\"og:url\" content=\"https:\/\/www.hnopraxis-dreieich.de\/?page_id=318\" \/>\n<meta property=\"og:site_name\" content=\"HNO Praxis Dreieich\" \/>\n<meta property=\"article:modified_time\" content=\"2020-05-22T15:54:07+00:00\" \/>\n<meta name=\"twitter:card\" content=\"summary_large_image\" \/>\n<script type=\"application\/ld+json\" class=\"yoast-schema-graph\">{\"@context\":\"https:\\\/\\\/schema.org\",\"@graph\":[{\"@type\":\"WebPage\",\"@id\":\"https:\\\/\\\/www.hnopraxis-dreieich.de\\\/?page_id=318\",\"url\":\"https:\\\/\\\/www.hnopraxis-dreieich.de\\\/?page_id=318\",\"name\":\"Naturheilverfahren - HNO Praxis Dreieich\",\"isPartOf\":{\"@id\":\"https:\\\/\\\/www.hnopraxis-dreieich.de\\\/#website\"},\"datePublished\":\"2020-05-22T14:20:50+00:00\",\"dateModified\":\"2020-05-22T15:54:07+00:00\",\"breadcrumb\":{\"@id\":\"https:\\\/\\\/www.hnopraxis-dreieich.de\\\/?page_id=318#breadcrumb\"},\"inLanguage\":\"de\",\"potentialAction\":[{\"@type\":\"ReadAction\",\"target\":[\"https:\\\/\\\/www.hnopraxis-dreieich.de\\\/?page_id=318\"]}]},{\"@type\":\"BreadcrumbList\",\"@id\":\"https:\\\/\\\/www.hnopraxis-dreieich.de\\\/?page_id=318#breadcrumb\",\"itemListElement\":[{\"@type\":\"ListItem\",\"position\":1,\"name\":\"Startseite\",\"item\":\"https:\\\/\\\/www.hnopraxis-dreieich.de\\\/\"},{\"@type\":\"ListItem\",\"position\":2,\"name\":\"Naturheilverfahren\"}]},{\"@type\":\"WebSite\",\"@id\":\"https:\\\/\\\/www.hnopraxis-dreieich.de\\\/#website\",\"url\":\"https:\\\/\\\/www.hnopraxis-dreieich.de\\\/\",\"name\":\"HNO Praxis Dreieich\",\"description\":\"Bitte vereinbaren Sie einen Termin!\",\"potentialAction\":[{\"@type\":\"SearchAction\",\"target\":{\"@type\":\"EntryPoint\",\"urlTemplate\":\"https:\\\/\\\/www.hnopraxis-dreieich.de\\\/?s={search_term_string}\"},\"query-input\":{\"@type\":\"PropertyValueSpecification\",\"valueRequired\":true,\"valueName\":\"search_term_string\"}}],\"inLanguage\":\"de\"}]}<\/script>\n<!-- \/ Yoast SEO plugin. -->","yoast_head_json":{"title":"Naturheilverfahren - HNO Praxis Dreieich","robots":{"index":"index","follow":"follow","max-snippet":"max-snippet:-1","max-image-preview":"max-image-preview:large","max-video-preview":"max-video-preview:-1"},"canonical":"https:\/\/www.hnopraxis-dreieich.de\/?page_id=318","og_locale":"de_DE","og_type":"article","og_title":"Naturheilverfahren - HNO Praxis Dreieich","og_description":"Naturheilverfahren Leerzeile Rezidivierende Infekte, chronische Reizzust\u00e4nde der Schleimhaut des oberen Atemtraktes aber auch der Darmschleimhaut, Allergien und Tinnitus gr\u00fcnden h\u00e4ufig nicht nur am Ort der Beschwerden, sondern sind multifaktoriell beeinflusst. Wir ber\u00fccksichtigen dieses bei der Untersuchung unserer Patienten. Neben der klassischen medikament\u00f6sen Therapie beraten wir Sie auch bez\u00fcglich pflanzlicher Arzneimittel.","og_url":"https:\/\/www.hnopraxis-dreieich.de\/?page_id=318","og_site_name":"HNO Praxis Dreieich","article_modified_time":"2020-05-22T15:54:07+00:00","twitter_card":"summary_large_image","schema":{"@context":"https:\/\/schema.org","@graph":[{"@type":"WebPage","@id":"https:\/\/www.hnopraxis-dreieich.de\/?page_id=318","url":"https:\/\/www.hnopraxis-dreieich.de\/?page_id=318","name":"Naturheilverfahren - HNO Praxis Dreieich","isPartOf":{"@id":"https:\/\/www.hnopraxis-dreieich.de\/#website"},"datePublished":"2020-05-22T14:20:50+00:00","dateModified":"2020-05-22T15:54:07+00:00","breadcrumb":{"@id":"https:\/\/www.hnopraxis-dreieich.de\/?page_id=318#breadcrumb"},"inLanguage":"de","potentialAction":[{"@type":"ReadAction","target":["https:\/\/www.hnopraxis-dreieich.de\/?page_id=318"]}]},{"@type":"BreadcrumbList","@id":"https:\/\/www.hnopraxis-dreieich.de\/?page_id=318#breadcrumb","itemListElement":[{"@type":"ListItem","position":1,"name":"Startseite","item":"https:\/\/www.hnopraxis-dreieich.de\/"},{"@type":"ListItem","position":2,"name":"Naturheilverfahren"}]},{"@type":"WebSite","@id":"https:\/\/www.hnopraxis-dreieich.de\/#website","url":"https:\/\/www.hnopraxis-dreieich.de\/","name":"HNO Praxis Dreieich","description":"Bitte vereinbaren Sie einen Termin!","potentialAction":[{"@type":"SearchAction","target":{"@type":"EntryPoint","urlTemplate":"https:\/\/www.hnopraxis-dreieich.de\/?s={search_term_string}"},"query-input":{"@type":"PropertyValueSpecification","valueRequired":true,"valueName":"search_term_string"}}],"inLanguage":"de"}]}},"_links":{"self":[{"href":"https:\/\/www.hnopraxis-dreieich.de\/index.php?rest_route=\/wp\/v2\/pages\/318","targetHints":{"allow":["GET"]}}],"collection":[{"href":"https:\/\/www.hnopraxis-dreieich.de\/index.php?rest_route=\/wp\/v2\/pages"}],"about":[{"href":"https:\/\/www.hnopraxis-dreieich.de\/index.php?rest_route=\/wp\/v2\/types\/page"}],"author":[{"embeddable":true,"href":"https:\/\/www.hnopraxis-dreieich.de\/index.php?rest_route=\/wp\/v2\/users\/2"}],"replies":[{"embeddable":true,"href":"https:\/\/www.hnopraxis-dreieich.de\/index.php?rest_route=%2Fwp%2Fv2%2Fcomments&post=318"}],"version-history":[{"count":5,"href":"https:\/\/www.hnopraxis-dreieich.de\/index.php?rest_route=\/wp\/v2\/pages\/318\/revisions"}],"predecessor-version":[{"id":372,"href":"https:\/\/www.hnopraxis-dreieich.de\/index.php?rest_route=\/wp\/v2\/pages\/318\/revisions\/372"}],"wp:attachment":[{"href":"https:\/\/www.hnopraxis-dreieich.de\/index.php?rest_route=%2Fwp%2Fv2%2Fmedia&parent=318"}],"curies":[{"name":"wp","href":"https:\/\/api.w.org\/{rel}","templated":true}]}}