{"id":308,"date":"2020-05-22T14:18:36","date_gmt":"2020-05-22T14:18:36","guid":{"rendered":"http:\/\/www.hnopraxis-dreieich.de\/?page_id=308"},"modified":"2020-05-22T15:50:10","modified_gmt":"2020-05-22T15:50:10","slug":"tinnitus","status":"publish","type":"page","link":"https:\/\/www.hnopraxis-dreieich.de\/?page_id=308","title":{"rendered":"Tinnitus"},"content":{"rendered":"\n<p class=\"has-normal-font-size\"><strong>Tinnitus<\/strong><\/p>\n\n\n\n<p style=\"color:#ffffff\" class=\"has-text-color\">Leerzeile<\/p>\n\n\n\n<p>Neben dem klassischen Tonaudiogramm (H\u00f6ren von T\u00f6nen) und Sprachaudiogramm (Verstehen von W\u00f6rtern) bieten wir Ihnen und Ihrem Kind die objektive H\u00f6rpr\u00fcfung (otoakustische Emissionen\/ Tympanometrie) an.<\/p>\n\n\n\n<p>Wir beraten Sie auch gerne bez\u00fcglich einer H\u00f6rger\u00e4teversorgung.<\/p>\n","protected":false},"excerpt":{"rendered":"<p>Tinnitus Leerzeile Neben dem klassischen Tonaudiogramm (H\u00f6ren von T\u00f6nen) und Sprachaudiogramm (Verstehen von W\u00f6rtern) bieten wir Ihnen und Ihrem Kind die objektive H\u00f6rpr\u00fcfung (otoakustische Emissionen\/ Tympanometrie) an. Wir beraten Sie auch gerne bez\u00fcglich einer H\u00f6rger\u00e4teversorgung.<\/p>\n","protected":false},"author":2,"featured_media":0,"parent":0,"menu_order":0,"comment_status":"closed","ping_status":"closed","template":"","meta":{"footnotes":""},"class_list":["post-308","page","type-page","status-publish","hentry"],"yoast_head":"<!-- This site is optimized with the Yoast SEO plugin v27.4 - https:\/\/yoast.com\/product\/yoast-seo-wordpress\/ -->\n<title>Tinnitus - HNO Praxis Dreieich<\/title>\n<meta name=\"robots\" content=\"index, follow, max-snippet:-1, max-image-preview:large, max-video-preview:-1\" \/>\n<link rel=\"canonical\" href=\"https:\/\/www.hnopraxis-dreieich.de\/?page_id=308\" \/>\n<meta property=\"og:locale\" content=\"de_DE\" \/>\n<meta property=\"og:type\" content=\"article\" \/>\n<meta property=\"og:title\" content=\"Tinnitus - HNO Praxis Dreieich\" \/>\n<meta property=\"og:description\" content=\"Tinnitus Leerzeile Neben dem klassischen Tonaudiogramm (H\u00f6ren von T\u00f6nen) und Sprachaudiogramm (Verstehen von W\u00f6rtern) bieten wir Ihnen und Ihrem Kind die objektive H\u00f6rpr\u00fcfung (otoakustische Emissionen\/ Tympanometrie) an. Wir beraten Sie auch gerne bez\u00fcglich einer H\u00f6rger\u00e4teversorgung.\" \/>\n<meta property=\"og:url\" content=\"https:\/\/www.hnopraxis-dreieich.de\/?page_id=308\" \/>\n<meta property=\"og:site_name\" content=\"HNO Praxis Dreieich\" \/>\n<meta property=\"article:modified_time\" content=\"2020-05-22T15:50:10+00:00\" \/>\n<meta name=\"twitter:card\" content=\"summary_large_image\" \/>\n<script type=\"application\/ld+json\" class=\"yoast-schema-graph\">{\"@context\":\"https:\\\/\\\/schema.org\",\"@graph\":[{\"@type\":\"WebPage\",\"@id\":\"https:\\\/\\\/www.hnopraxis-dreieich.de\\\/?page_id=308\",\"url\":\"https:\\\/\\\/www.hnopraxis-dreieich.de\\\/?page_id=308\",\"name\":\"Tinnitus - HNO Praxis Dreieich\",\"isPartOf\":{\"@id\":\"https:\\\/\\\/www.hnopraxis-dreieich.de\\\/#website\"},\"datePublished\":\"2020-05-22T14:18:36+00:00\",\"dateModified\":\"2020-05-22T15:50:10+00:00\",\"breadcrumb\":{\"@id\":\"https:\\\/\\\/www.hnopraxis-dreieich.de\\\/?page_id=308#breadcrumb\"},\"inLanguage\":\"de\",\"potentialAction\":[{\"@type\":\"ReadAction\",\"target\":[\"https:\\\/\\\/www.hnopraxis-dreieich.de\\\/?page_id=308\"]}]},{\"@type\":\"BreadcrumbList\",\"@id\":\"https:\\\/\\\/www.hnopraxis-dreieich.de\\\/?page_id=308#breadcrumb\",\"itemListElement\":[{\"@type\":\"ListItem\",\"position\":1,\"name\":\"Startseite\",\"item\":\"https:\\\/\\\/www.hnopraxis-dreieich.de\\\/\"},{\"@type\":\"ListItem\",\"position\":2,\"name\":\"Tinnitus\"}]},{\"@type\":\"WebSite\",\"@id\":\"https:\\\/\\\/www.hnopraxis-dreieich.de\\\/#website\",\"url\":\"https:\\\/\\\/www.hnopraxis-dreieich.de\\\/\",\"name\":\"HNO Praxis Dreieich\",\"description\":\"Bitte vereinbaren Sie einen Termin!\",\"potentialAction\":[{\"@type\":\"SearchAction\",\"target\":{\"@type\":\"EntryPoint\",\"urlTemplate\":\"https:\\\/\\\/www.hnopraxis-dreieich.de\\\/?s={search_term_string}\"},\"query-input\":{\"@type\":\"PropertyValueSpecification\",\"valueRequired\":true,\"valueName\":\"search_term_string\"}}],\"inLanguage\":\"de\"}]}<\/script>\n<!-- \/ Yoast SEO plugin. -->","yoast_head_json":{"title":"Tinnitus - HNO Praxis Dreieich","robots":{"index":"index","follow":"follow","max-snippet":"max-snippet:-1","max-image-preview":"max-image-preview:large","max-video-preview":"max-video-preview:-1"},"canonical":"https:\/\/www.hnopraxis-dreieich.de\/?page_id=308","og_locale":"de_DE","og_type":"article","og_title":"Tinnitus - HNO Praxis Dreieich","og_description":"Tinnitus Leerzeile Neben dem klassischen Tonaudiogramm (H\u00f6ren von T\u00f6nen) und Sprachaudiogramm (Verstehen von W\u00f6rtern) bieten wir Ihnen und Ihrem Kind die objektive H\u00f6rpr\u00fcfung (otoakustische Emissionen\/ Tympanometrie) an. Wir beraten Sie auch gerne bez\u00fcglich einer H\u00f6rger\u00e4teversorgung.","og_url":"https:\/\/www.hnopraxis-dreieich.de\/?page_id=308","og_site_name":"HNO Praxis Dreieich","article_modified_time":"2020-05-22T15:50:10+00:00","twitter_card":"summary_large_image","schema":{"@context":"https:\/\/schema.org","@graph":[{"@type":"WebPage","@id":"https:\/\/www.hnopraxis-dreieich.de\/?page_id=308","url":"https:\/\/www.hnopraxis-dreieich.de\/?page_id=308","name":"Tinnitus - HNO Praxis Dreieich","isPartOf":{"@id":"https:\/\/www.hnopraxis-dreieich.de\/#website"},"datePublished":"2020-05-22T14:18:36+00:00","dateModified":"2020-05-22T15:50:10+00:00","breadcrumb":{"@id":"https:\/\/www.hnopraxis-dreieich.de\/?page_id=308#breadcrumb"},"inLanguage":"de","potentialAction":[{"@type":"ReadAction","target":["https:\/\/www.hnopraxis-dreieich.de\/?page_id=308"]}]},{"@type":"BreadcrumbList","@id":"https:\/\/www.hnopraxis-dreieich.de\/?page_id=308#breadcrumb","itemListElement":[{"@type":"ListItem","position":1,"name":"Startseite","item":"https:\/\/www.hnopraxis-dreieich.de\/"},{"@type":"ListItem","position":2,"name":"Tinnitus"}]},{"@type":"WebSite","@id":"https:\/\/www.hnopraxis-dreieich.de\/#website","url":"https:\/\/www.hnopraxis-dreieich.de\/","name":"HNO Praxis Dreieich","description":"Bitte vereinbaren Sie einen Termin!","potentialAction":[{"@type":"SearchAction","target":{"@type":"EntryPoint","urlTemplate":"https:\/\/www.hnopraxis-dreieich.de\/?s={search_term_string}"},"query-input":{"@type":"PropertyValueSpecification","valueRequired":true,"valueName":"search_term_string"}}],"inLanguage":"de"}]}},"_links":{"self":[{"href":"https:\/\/www.hnopraxis-dreieich.de\/index.php?rest_route=\/wp\/v2\/pages\/308","targetHints":{"allow":["GET"]}}],"collection":[{"href":"https:\/\/www.hnopraxis-dreieich.de\/index.php?rest_route=\/wp\/v2\/pages"}],"about":[{"href":"https:\/\/www.hnopraxis-dreieich.de\/index.php?rest_route=\/wp\/v2\/types\/page"}],"author":[{"embeddable":true,"href":"https:\/\/www.hnopraxis-dreieich.de\/index.php?rest_route=\/wp\/v2\/users\/2"}],"replies":[{"embeddable":true,"href":"https:\/\/www.hnopraxis-dreieich.de\/index.php?rest_route=%2Fwp%2Fv2%2Fcomments&post=308"}],"version-history":[{"count":4,"href":"https:\/\/www.hnopraxis-dreieich.de\/index.php?rest_route=\/wp\/v2\/pages\/308\/revisions"}],"predecessor-version":[{"id":370,"href":"https:\/\/www.hnopraxis-dreieich.de\/index.php?rest_route=\/wp\/v2\/pages\/308\/revisions\/370"}],"wp:attachment":[{"href":"https:\/\/www.hnopraxis-dreieich.de\/index.php?rest_route=%2Fwp%2Fv2%2Fmedia&parent=308"}],"curies":[{"name":"wp","href":"https:\/\/api.w.org\/{rel}","templated":true}]}}