{"id":11,"date":"2020-04-28T18:19:55","date_gmt":"2020-04-28T18:19:55","guid":{"rendered":"http:\/\/www.hnopraxis-dreieich.de\/?page_id=11"},"modified":"2024-04-18T07:47:39","modified_gmt":"2024-04-18T06:47:39","slug":"hno-praxis-dreieich","status":"publish","type":"page","link":"https:\/\/www.hnopraxis-dreieich.de\/","title":{"rendered":"HNO Praxis Dreieich"},"content":{"rendered":"\n<figure class=\"wp-block-image size-large\"><img loading=\"lazy\" decoding=\"async\" width=\"1024\" height=\"683\" src=\"http:\/\/www.hnopraxis-dreieich.de\/wp-content\/uploads\/2020\/04\/HNO_Dreieich_17-1024x683.jpg\" alt=\"HNO Praxis Dreieich\" class=\"wp-image-36\" srcset=\"https:\/\/www.hnopraxis-dreieich.de\/wp-content\/uploads\/2020\/04\/HNO_Dreieich_17-1024x683.jpg 1024w, https:\/\/www.hnopraxis-dreieich.de\/wp-content\/uploads\/2020\/04\/HNO_Dreieich_17-300x200.jpg 300w, https:\/\/www.hnopraxis-dreieich.de\/wp-content\/uploads\/2020\/04\/HNO_Dreieich_17-768x512.jpg 768w, https:\/\/www.hnopraxis-dreieich.de\/wp-content\/uploads\/2020\/04\/HNO_Dreieich_17-1536x1024.jpg 1536w, https:\/\/www.hnopraxis-dreieich.de\/wp-content\/uploads\/2020\/04\/HNO_Dreieich_17-1200x800.jpg 1200w, https:\/\/www.hnopraxis-dreieich.de\/wp-content\/uploads\/2020\/04\/HNO_Dreieich_17.jpg 1920w\" sizes=\"auto, (max-width: 1024px) 100vw, 1024px\" \/><\/figure>\n\n\n\n<p class=\"has-text-align-center\"><strong>HNO Praxis Dreieich: Kompetenz &amp; Erfahrung in der Diagnostik und Therapie von Allergie und HNO-Erkrankungen f\u00fcr Erwachsene und Kinder<\/strong><\/p>\n\n\n\n<p><strong>Ihre Gesundheit in besten H\u00e4nden:<\/strong> Wir bieten Ihnen <strong>umfassende HNO-Expertise<\/strong> in famili\u00e4rer Atmosph\u00e4re. Als <strong>Fach\u00e4rztinnen f\u00fcr Hals-Nasen-Ohrenheilkunde<\/strong> mit <strong>Schwerpunkt Allergologie<\/strong> decken wir das gesamte Spektrum der HNO-Erkrankungen ab.<\/p>\n\n\n\n<p><strong>Von Allergien bis zu H\u00f6rproblemen:<\/strong> Ob Heuschnupfen, chronische Sinusitis, Schwindel, Ohrger\u00e4usche, Stimmst\u00f6rungen oder H\u00f6rverlust \u2013 wir diagnostizieren Ihre Beschwerden pr\u00e4zise und entwickeln <strong>individuelle Behandlungspl\u00e4ne<\/strong>, die auf Ihre Bed\u00fcrfnisse abgestimmt sind.<\/p>\n\n\n\n<p><strong>F\u00fcr die ganze Familie:<\/strong> In unserer Praxis sind Sie mit Ihren Kindern herzlich willkommen. Wir bieten <strong>spezielle Sprechstunden f\u00fcr Kinder<\/strong> an und gehen auf die Bed\u00fcrfnisse der kleinen Patienten einf\u00fchlsam ein.<\/p>\n\n\n\n<p><strong>Ihr Weg zu uns:<\/strong> Die HNO-Praxis Dreieich ist bequem mit \u00f6ffentlichen Verkehrsmitteln oder dem Auto erreichbar. Parkpl\u00e4tze finden Sie direkt vor der T\u00fcr.<\/p>\n\n\n\n<p><strong>Terminvereinbarung:<\/strong> Vereinbaren Sie Ihren Termin ganz einfach online oder telefonisch. Wir freuen uns auf Ihren Besuch!<\/p>\n\n\n<p>[maxbutton id=&#8220;1&#8243;]<\/p>\n\n\n\n<hr class=\"wp-block-separator has-alpha-channel-opacity\"\/>\n\n\n\n<p>Service &#8211; Link:<br><a href=\"https:\/\/www.kbv.de\/html\/service_fuer_patienten.php\">Serviceseite f\u00fcr Patienten der Kassen\u00e4rztlichen Vereinigung<\/a><\/p>\n\n\n\n<hr class=\"wp-block-separator has-alpha-channel-opacity\"\/>\n\n\n\n<div class=\"wp-block-buttons is-content-justification-center is-layout-flex wp-container-core-buttons-is-layout-16018d1d wp-block-buttons-is-layout-flex\">\n<div class=\"wp-block-button\"><a class=\"wp-block-button__link wp-element-button\" href=\"https:\/\/www.hnopraxis-dreieich.de\/?page_id=12\" target=\"_blank\" rel=\"noreferrer noopener\">Leistungen<\/a><\/div>\n\n\n\n<div class=\"wp-block-button\"><a class=\"wp-block-button__link wp-element-button\" href=\"https:\/\/www.hnopraxis-dreieich.de\/?page_id=175\" target=\"_blank\" rel=\"noreferrer noopener\">Kontakt<\/a><\/div>\n\n\n\n<div class=\"wp-block-button\"><a class=\"wp-block-button__link wp-element-button\" href=\"https:\/\/www.hnopraxis-dreieich.de\/?page_id=170\" target=\"_blank\" rel=\"noreferrer noopener\">Termin<\/a><\/div>\n<\/div>\n","protected":false},"excerpt":{"rendered":"<p>HNO Praxis Dreieich: Kompetenz &amp; Erfahrung in der Diagnostik und Therapie von Allergie und HNO-Erkrankungen f\u00fcr Erwachsene und Kinder Ihre Gesundheit in besten H\u00e4nden: Wir bieten Ihnen umfassende HNO-Expertise in famili\u00e4rer Atmosph\u00e4re. Als Fach\u00e4rztinnen f\u00fcr Hals-Nasen-Ohrenheilkunde mit Schwerpunkt Allergologie decken wir das gesamte Spektrum der HNO-Erkrankungen ab. Von Allergien bis zu H\u00f6rproblemen: Ob Heuschnupfen, chronische [&hellip;]<\/p>\n","protected":false},"author":2,"featured_media":0,"parent":0,"menu_order":0,"comment_status":"closed","ping_status":"closed","template":"","meta":{"footnotes":""},"class_list":["post-11","page","type-page","status-publish","hentry"],"yoast_head":"<!-- This site is optimized with the Yoast SEO plugin v27.6 - https:\/\/yoast.com\/product\/yoast-seo-wordpress\/ -->\n<title>HNO Praxis Dreieich - HNO Praxis Dreieich<\/title>\n<meta name=\"description\" content=\"HNO Praxis Dreieich: Kompetenz &amp; Erfahrung in der Diagnostik und Therapie von Allergie und HNO-Erkrankungen f\u00fcr Erwachsene und Kinder\" \/>\n<meta name=\"robots\" content=\"index, follow, max-snippet:-1, max-image-preview:large, max-video-preview:-1\" \/>\n<link rel=\"canonical\" href=\"https:\/\/www.hnopraxis-dreieich.de\/\" \/>\n<meta property=\"og:locale\" content=\"de_DE\" \/>\n<meta property=\"og:type\" content=\"article\" \/>\n<meta property=\"og:title\" content=\"HNO Praxis Dreieich - HNO Praxis Dreieich\" \/>\n<meta property=\"og:description\" content=\"HNO Praxis Dreieich: Kompetenz &amp; Erfahrung in der Diagnostik und Therapie von Allergie und HNO-Erkrankungen f\u00fcr Erwachsene und Kinder\" \/>\n<meta property=\"og:url\" content=\"https:\/\/www.hnopraxis-dreieich.de\/\" \/>\n<meta property=\"og:site_name\" content=\"HNO Praxis Dreieich\" \/>\n<meta property=\"article:modified_time\" content=\"2024-04-18T06:47:39+00:00\" \/>\n<meta property=\"og:image\" content=\"http:\/\/www.hnopraxis-dreieich.de\/wp-content\/uploads\/2020\/04\/HNO_Dreieich_17-1024x683.jpg\" \/>\n<meta name=\"twitter:card\" content=\"summary_large_image\" \/>\n<meta name=\"twitter:label1\" content=\"Gesch\u00e4tzte Lesezeit\" \/>\n\t<meta name=\"twitter:data1\" content=\"2\u00a0Minuten\" \/>\n<script type=\"application\/ld+json\" class=\"yoast-schema-graph\">{\"@context\":\"https:\\\/\\\/schema.org\",\"@graph\":[{\"@type\":\"WebPage\",\"@id\":\"https:\\\/\\\/www.hnopraxis-dreieich.de\\\/\",\"url\":\"https:\\\/\\\/www.hnopraxis-dreieich.de\\\/\",\"name\":\"HNO Praxis Dreieich - HNO Praxis Dreieich\",\"isPartOf\":{\"@id\":\"https:\\\/\\\/www.hnopraxis-dreieich.de\\\/#website\"},\"primaryImageOfPage\":{\"@id\":\"https:\\\/\\\/www.hnopraxis-dreieich.de\\\/#primaryimage\"},\"image\":{\"@id\":\"https:\\\/\\\/www.hnopraxis-dreieich.de\\\/#primaryimage\"},\"thumbnailUrl\":\"http:\\\/\\\/www.hnopraxis-dreieich.de\\\/wp-content\\\/uploads\\\/2020\\\/04\\\/HNO_Dreieich_17-1024x683.jpg\",\"datePublished\":\"2020-04-28T18:19:55+00:00\",\"dateModified\":\"2024-04-18T06:47:39+00:00\",\"description\":\"HNO Praxis Dreieich: Kompetenz & Erfahrung in der Diagnostik und Therapie von Allergie und HNO-Erkrankungen f\u00fcr Erwachsene und Kinder\",\"breadcrumb\":{\"@id\":\"https:\\\/\\\/www.hnopraxis-dreieich.de\\\/#breadcrumb\"},\"inLanguage\":\"de\",\"potentialAction\":[{\"@type\":\"ReadAction\",\"target\":[\"https:\\\/\\\/www.hnopraxis-dreieich.de\\\/\"]}]},{\"@type\":\"ImageObject\",\"inLanguage\":\"de\",\"@id\":\"https:\\\/\\\/www.hnopraxis-dreieich.de\\\/#primaryimage\",\"url\":\"https:\\\/\\\/www.hnopraxis-dreieich.de\\\/wp-content\\\/uploads\\\/2020\\\/04\\\/HNO_Dreieich_17.jpg\",\"contentUrl\":\"https:\\\/\\\/www.hnopraxis-dreieich.de\\\/wp-content\\\/uploads\\\/2020\\\/04\\\/HNO_Dreieich_17.jpg\",\"width\":1920,\"height\":1280},{\"@type\":\"BreadcrumbList\",\"@id\":\"https:\\\/\\\/www.hnopraxis-dreieich.de\\\/#breadcrumb\",\"itemListElement\":[{\"@type\":\"ListItem\",\"position\":1,\"name\":\"Startseite\",\"item\":\"https:\\\/\\\/www.hnopraxis-dreieich.de\\\/\"},{\"@type\":\"ListItem\",\"position\":2,\"name\":\"HNO Praxis Dreieich\"}]},{\"@type\":\"WebSite\",\"@id\":\"https:\\\/\\\/www.hnopraxis-dreieich.de\\\/#website\",\"url\":\"https:\\\/\\\/www.hnopraxis-dreieich.de\\\/\",\"name\":\"HNO Praxis Dreieich\",\"description\":\"Bitte vereinbaren Sie einen Termin!\",\"potentialAction\":[{\"@type\":\"SearchAction\",\"target\":{\"@type\":\"EntryPoint\",\"urlTemplate\":\"https:\\\/\\\/www.hnopraxis-dreieich.de\\\/?s={search_term_string}\"},\"query-input\":{\"@type\":\"PropertyValueSpecification\",\"valueRequired\":true,\"valueName\":\"search_term_string\"}}],\"inLanguage\":\"de\"}]}<\/script>\n<!-- \/ Yoast SEO plugin. -->","yoast_head_json":{"title":"HNO Praxis Dreieich - HNO Praxis Dreieich","description":"HNO Praxis Dreieich: Kompetenz & Erfahrung in der Diagnostik und Therapie von Allergie und HNO-Erkrankungen f\u00fcr Erwachsene und Kinder","robots":{"index":"index","follow":"follow","max-snippet":"max-snippet:-1","max-image-preview":"max-image-preview:large","max-video-preview":"max-video-preview:-1"},"canonical":"https:\/\/www.hnopraxis-dreieich.de\/","og_locale":"de_DE","og_type":"article","og_title":"HNO Praxis Dreieich - HNO Praxis Dreieich","og_description":"HNO Praxis Dreieich: Kompetenz & Erfahrung in der Diagnostik und Therapie von Allergie und HNO-Erkrankungen f\u00fcr Erwachsene und Kinder","og_url":"https:\/\/www.hnopraxis-dreieich.de\/","og_site_name":"HNO Praxis Dreieich","article_modified_time":"2024-04-18T06:47:39+00:00","og_image":[{"url":"http:\/\/www.hnopraxis-dreieich.de\/wp-content\/uploads\/2020\/04\/HNO_Dreieich_17-1024x683.jpg","type":"","width":"","height":""}],"twitter_card":"summary_large_image","twitter_misc":{"Gesch\u00e4tzte Lesezeit":"2\u00a0Minuten"},"schema":{"@context":"https:\/\/schema.org","@graph":[{"@type":"WebPage","@id":"https:\/\/www.hnopraxis-dreieich.de\/","url":"https:\/\/www.hnopraxis-dreieich.de\/","name":"HNO Praxis Dreieich - HNO Praxis Dreieich","isPartOf":{"@id":"https:\/\/www.hnopraxis-dreieich.de\/#website"},"primaryImageOfPage":{"@id":"https:\/\/www.hnopraxis-dreieich.de\/#primaryimage"},"image":{"@id":"https:\/\/www.hnopraxis-dreieich.de\/#primaryimage"},"thumbnailUrl":"http:\/\/www.hnopraxis-dreieich.de\/wp-content\/uploads\/2020\/04\/HNO_Dreieich_17-1024x683.jpg","datePublished":"2020-04-28T18:19:55+00:00","dateModified":"2024-04-18T06:47:39+00:00","description":"HNO Praxis Dreieich: Kompetenz & Erfahrung in der Diagnostik und Therapie von Allergie und HNO-Erkrankungen f\u00fcr Erwachsene und Kinder","breadcrumb":{"@id":"https:\/\/www.hnopraxis-dreieich.de\/#breadcrumb"},"inLanguage":"de","potentialAction":[{"@type":"ReadAction","target":["https:\/\/www.hnopraxis-dreieich.de\/"]}]},{"@type":"ImageObject","inLanguage":"de","@id":"https:\/\/www.hnopraxis-dreieich.de\/#primaryimage","url":"https:\/\/www.hnopraxis-dreieich.de\/wp-content\/uploads\/2020\/04\/HNO_Dreieich_17.jpg","contentUrl":"https:\/\/www.hnopraxis-dreieich.de\/wp-content\/uploads\/2020\/04\/HNO_Dreieich_17.jpg","width":1920,"height":1280},{"@type":"BreadcrumbList","@id":"https:\/\/www.hnopraxis-dreieich.de\/#breadcrumb","itemListElement":[{"@type":"ListItem","position":1,"name":"Startseite","item":"https:\/\/www.hnopraxis-dreieich.de\/"},{"@type":"ListItem","position":2,"name":"HNO Praxis Dreieich"}]},{"@type":"WebSite","@id":"https:\/\/www.hnopraxis-dreieich.de\/#website","url":"https:\/\/www.hnopraxis-dreieich.de\/","name":"HNO Praxis Dreieich","description":"Bitte vereinbaren Sie einen Termin!","potentialAction":[{"@type":"SearchAction","target":{"@type":"EntryPoint","urlTemplate":"https:\/\/www.hnopraxis-dreieich.de\/?s={search_term_string}"},"query-input":{"@type":"PropertyValueSpecification","valueRequired":true,"valueName":"search_term_string"}}],"inLanguage":"de"}]}},"_links":{"self":[{"href":"https:\/\/www.hnopraxis-dreieich.de\/index.php?rest_route=\/wp\/v2\/pages\/11","targetHints":{"allow":["GET"]}}],"collection":[{"href":"https:\/\/www.hnopraxis-dreieich.de\/index.php?rest_route=\/wp\/v2\/pages"}],"about":[{"href":"https:\/\/www.hnopraxis-dreieich.de\/index.php?rest_route=\/wp\/v2\/types\/page"}],"author":[{"embeddable":true,"href":"https:\/\/www.hnopraxis-dreieich.de\/index.php?rest_route=\/wp\/v2\/users\/2"}],"replies":[{"embeddable":true,"href":"https:\/\/www.hnopraxis-dreieich.de\/index.php?rest_route=%2Fwp%2Fv2%2Fcomments&post=11"}],"version-history":[{"count":15,"href":"https:\/\/www.hnopraxis-dreieich.de\/index.php?rest_route=\/wp\/v2\/pages\/11\/revisions"}],"predecessor-version":[{"id":872,"href":"https:\/\/www.hnopraxis-dreieich.de\/index.php?rest_route=\/wp\/v2\/pages\/11\/revisions\/872"}],"wp:attachment":[{"href":"https:\/\/www.hnopraxis-dreieich.de\/index.php?rest_route=%2Fwp%2Fv2%2Fmedia&parent=11"}],"curies":[{"name":"wp","href":"https:\/\/api.w.org\/{rel}","templated":true}]}}